{"id":339,"date":"2018-07-23T16:31:19","date_gmt":"2018-07-23T19:31:19","guid":{"rendered":"http:\/\/telasplasticas.com\/?page_id=339"},"modified":"2019-04-03T15:46:12","modified_gmt":"2019-04-03T18:46:12","slug":"comunicacion-visual","status":"publish","type":"page","link":"http:\/\/telasplasticas.com\/index.php\/comunicacion-visual\/","title":{"rendered":"Comunicaci\u00f3n Visual"},"content":{"rendered":"<p>[et_pb_section fb_built=\u00bb1&#8243; _builder_version=\u00bb3.9&#8243; custom_padding=\u00bb70px|0px|70px|0px|false|false\u00bb top_divider_color=\u00bb#0c71c3&#8243; bottom_divider_style=\u00bbwaves2&#8243; bottom_divider_color=\u00bbrgba(0,0,0,0.04)\u00bb][et_pb_row custom_padding=\u00bb0|0px|27px|0px|false|false\u00bb _builder_version=\u00bb3.9&#8243;][et_pb_column type=\u00bb4_4&#8243; _builder_version=\u00bb3.0.47&#8243;][et_pb_text _builder_version=\u00bb3.10.1&#8243; text_font=\u00bbVerdana|700|||||||\u00bb header_font=\u00bb||||||||\u00bb header_2_font=\u00bbVerdana|700|||||||\u00bb header_2_font_size=\u00bb55px\u00bb header_2_font_size_phone=\u00bb20px\u00bb header_2_font_size_last_edited=\u00bbon|phone\u00bb header_3_font=\u00bbVerdana|700|||||||\u00bb header_3_font_size=\u00bb55px\u00bb header_3_letter_spacing=\u00bb4px\u00bb border_radii=\u00bbon|5px|5px|5px|5px\u00bb border_width_top=\u00bb7px\u00bb border_color_top=\u00bb#8300e9&#8243; box_shadow_style=\u00bbpreset1&#8243; custom_padding=\u00bb20px|0px|20px|0px\u00bb]<\/p>\n<h2 style=\"text-align: center;\">Comunicaci\u00f3n Visual<\/h2>\n<p>[\/et_pb_text][\/et_pb_column][\/et_pb_row][\/et_pb_section][et_pb_section fb_built=\u00bb1&#8243; _builder_version=\u00bb3.10.1&#8243; border_radii=\u00bbon|7px|7px|7px|7px\u00bb border_color_all=\u00bb#0c71c3&#8243; border_width_top=\u00bb6px\u00bb border_color_top=\u00bb#0c71c3&#8243; custom_padding=\u00bb29px|0px|50px|0px|false|false\u00bb][et_pb_row _builder_version=\u00bb3.10.1&#8243;][et_pb_column type=\u00bb4_4&#8243; _builder_version=\u00bb3.10.1&#8243;][et_pb_text _builder_version=\u00bb3.10.1&#8243; header_font=\u00bb||||||||\u00bb header_3_font=\u00bbVerdana|600|||||||\u00bb header_3_font_size=\u00bb35px\u00bb]<\/p>\n<h3>Insumos<\/h3>\n<p>[\/et_pb_text][\/et_pb_column][\/et_pb_row][et_pb_row _builder_version=\u00bb3.10.1&#8243;][et_pb_column type=\u00bb1_3&#8243; _builder_version=\u00bb3.10.1&#8243;][et_pb_text _builder_version=\u00bb3.11.1&#8243; text_font=\u00bbVerdana||||||||\u00bb text_text_color=\u00bb#000000&#8243; text_font_size=\u00bb15px\u00bb]<\/p>\n<ul class=\"listado_productos\">\n<li>Tela para Bandera<\/li>\n<li>Tela para Pasacalles<\/li>\n<li>Lonas<\/li>\n<li>Geotextil no tejido<\/li>\n<li>Tela Mesh<\/li>\n<li>Papel Fotogr\u00e1fico<\/li>\n<li>Transfers de Papel y cristal<\/li>\n<li>Adhesivo PVC<\/li>\n<li>Adhesivo de Contacto<\/li>\n<li>Adhesivo Polyfan<\/li>\n<li>Cinta Bi Faz<\/li>\n<li>Cinta 3M<\/li>\n<li>Bandas Reflectivas 3M<\/li>\n<li>Imanes con o sin PVC<\/li>\n<li>Lona de impresi\u00f3n Front Light<\/li>\n<li>Lona de impresi\u00f3n Back Light<\/li>\n<li>Lona de impresi\u00f3n Block Out<\/li>\n<\/ul>\n<p>[\/et_pb_text][\/et_pb_column][et_pb_column type=\u00bb1_3&#8243; _builder_version=\u00bb3.10.1&#8243;][et_pb_text _builder_version=\u00bb3.11.1&#8243; text_font=\u00bbVerdana||||||||\u00bb text_text_color=\u00bb#000000&#8243; text_font_size=\u00bb15px\u00bb]<\/p>\n<ul class=\"listado_productos\">\n<li>Tintas para plotter HP<\/li>\n<li>Tintas para Ploter Nutec<\/li>\n<li>Tintas para Plotter IJ1000<\/li>\n<li>Tintas para Plotters SAM-INK<\/li>\n<li>Placas de Alto Impacto<\/li>\n<li>Placas de Polyfan<\/li>\n<li>Placas de Pvc Espumado<\/li>\n<li>Placas de Foam<\/li>\n<li>Placas de Corrugado Pl\u00e1stico<\/li>\n<li>Placas de Cristal PVC<\/li>\n<li>Pet<\/li>\n<li>Cabezal Epson, Xaar, Polaris<\/li>\n<li>Tela de Impresi\u00f3n Front Light<\/li>\n<li>Tela de Impresi\u00f3n Back Light<\/li>\n<li>Tela de Impresi\u00f3n Cobertura<\/li>\n<li>Tela de Impresi\u00f3n Black Out<\/li>\n<\/ul>\n<p>[\/et_pb_text][\/et_pb_column][et_pb_column type=\u00bb1_3&#8243; _builder_version=\u00bb3.10.1&#8243;][et_pb_text _builder_version=\u00bb3.11.1&#8243; text_font=\u00bbVerdana||||||||\u00bb text_text_color=\u00bb#000000&#8243; text_font_size=\u00bb15px\u00bb]<\/p>\n<ul class=\"listado_productos\">\n<li>Varillas para terminaci\u00f3n de banner Pl\u00e1sticas y de Madera<\/li>\n<li>Portabanner de 1 Tensor<\/li>\n<li>Portabanner de 2 Tensores<\/li>\n<li>Portabanner Roll Up<\/li>\n<li>Portabanner Bi Faz<\/li>\n<li>Plancha Termoestampadora para Gorras y Remeras<\/li>\n<li>Repuestos para Plotter de Cuchillas<\/li>\n<li>Repuestos para Plotter de Ruedas<\/li>\n<li>Repuestos para Plotter de Bandas de Tefl\u00f3n<\/li>\n<li>Esp\u00e1tulas 3M y de Felpa<\/li>\n<li>Cabezales para Plotters<\/li>\n<li>Pintura en aerosol removible American Rubber Dip-Stretch<\/li>\n<\/ul>\n<p>[\/et_pb_text][\/et_pb_column][\/et_pb_row][\/et_pb_section][et_pb_section fb_built=\u00bb1&#8243; _builder_version=\u00bb3.10.1&#8243; border_radii=\u00bbon|7px|7px|7px|7px\u00bb border_width_top=\u00bb7px\u00bb border_color_top=\u00bb#0c71c3&#8243; custom_padding=\u00bb29px|0px|30px|0px|false|false\u00bb][et_pb_row custom_padding=\u00bb27px|0px|29px|0px|false|false\u00bb _builder_version=\u00bb3.10.1&#8243;][et_pb_column type=\u00bb4_4&#8243; _builder_version=\u00bb3.10.1&#8243;][et_pb_text _builder_version=\u00bb3.10.1&#8243; header_font=\u00bb||||||||\u00bb header_3_font=\u00bbVerdana|600|||||||\u00bb header_3_font_size=\u00bb35px\u00bb]<\/p>\n<h3>Vinilos<\/h3>\n<p>[\/et_pb_text][\/et_pb_column][\/et_pb_row][et_pb_row custom_padding=\u00bb29px|0px|27px|0px|false|false\u00bb _builder_version=\u00bb3.10.1&#8243;][et_pb_column type=\u00bb1_4&#8243; _builder_version=\u00bb3.10.1&#8243;][et_pb_text _builder_version=\u00bb3.10.1&#8243; text_font=\u00bbVerdana||||||||\u00bb text_text_color=\u00bb#000000&#8243; text_font_size=\u00bb15px\u00bb]<\/p>\n<ul class=\"listado_productos\">\n<li>Calandrados<\/li>\n<li>Cepillados<\/li>\n<li>Cromados<\/li>\n<li>Esmerilados<\/li>\n<li>Espejados<\/li>\n<li>Fibra de Carbono<\/li>\n<li>Fl\u00fao<\/li>\n<li>Fotoluminicente<\/li>\n<li>Fundidos<\/li>\n<li>Hologr\u00e1ficos<\/li>\n<li>Metalizados<\/li>\n<li>Para Pisos<\/li>\n<li>Polarizados<\/li>\n<li>R Tape<\/li>\n<\/ul>\n<p>[\/et_pb_text][\/et_pb_column][et_pb_column type=\u00bb1_4&#8243; _builder_version=\u00bb3.10.1&#8243;][et_pb_text _builder_version=\u00bb3.10.1&#8243; text_font=\u00bbVerdana||||||||\u00bb text_text_color=\u00bb#000000&#8243; text_font_size=\u00bb15px\u00bb]<\/p>\n<ul class=\"listado_productos\">\n<li>Reflectivos<\/li>\n<li>Textiles<\/li>\n<li>Texturados para Parantes<\/li>\n<li>Transparentes de color<\/li>\n<li>Ultrametalizados<\/li>\n<li>Control Tac<\/li>\n<li>L\u00e1minas Protectoras<\/li>\n<\/ul>\n<p>[\/et_pb_text][\/et_pb_column][et_pb_column type=\u00bb1_2&#8243; _builder_version=\u00bb3.10.1&#8243;][et_pb_slider _builder_version=\u00bb3.16&#8243; box_shadow_style=\u00bbpreset1&#8243; box_shadow_color=\u00bb#8300e9&#8243; auto=\u00bbon\u00bb auto_speed=\u00bb2500&#8243; button_text_size__hover_enabled=\u00bboff\u00bb button_one_text_size__hover_enabled=\u00bboff\u00bb button_two_text_size__hover_enabled=\u00bboff\u00bb button_text_color__hover_enabled=\u00bboff\u00bb button_one_text_color__hover_enabled=\u00bboff\u00bb button_two_text_color__hover_enabled=\u00bboff\u00bb button_border_width__hover_enabled=\u00bboff\u00bb button_one_border_width__hover_enabled=\u00bboff\u00bb button_two_border_width__hover_enabled=\u00bboff\u00bb button_border_color__hover_enabled=\u00bboff\u00bb button_one_border_color__hover_enabled=\u00bboff\u00bb button_two_border_color__hover_enabled=\u00bboff\u00bb button_border_radius__hover_enabled=\u00bboff\u00bb button_one_border_radius__hover_enabled=\u00bboff\u00bb button_two_border_radius__hover_enabled=\u00bboff\u00bb button_letter_spacing__hover_enabled=\u00bboff\u00bb button_one_letter_spacing__hover_enabled=\u00bboff\u00bb button_two_letter_spacing__hover_enabled=\u00bboff\u00bb button_bg_color__hover_enabled=\u00bboff\u00bb button_one_bg_color__hover_enabled=\u00bboff\u00bb button_two_bg_color__hover_enabled=\u00bboff\u00bb][et_pb_slide _builder_version=\u00bb3.16&#8243; background_image=\u00bbhttp:\/\/telasplasticas.com\/wp-content\/uploads\/2018\/07\/PU-Heat-Transfer-Film-1.jpg\u00bb button_text_size__hover_enabled=\u00bboff\u00bb button_one_text_size__hover_enabled=\u00bboff\u00bb button_two_text_size__hover_enabled=\u00bboff\u00bb button_text_color__hover_enabled=\u00bboff\u00bb button_one_text_color__hover_enabled=\u00bboff\u00bb button_two_text_color__hover_enabled=\u00bboff\u00bb button_border_width__hover_enabled=\u00bboff\u00bb button_one_border_width__hover_enabled=\u00bboff\u00bb button_two_border_width__hover_enabled=\u00bboff\u00bb button_border_color__hover_enabled=\u00bboff\u00bb button_one_border_color__hover_enabled=\u00bboff\u00bb button_two_border_color__hover_enabled=\u00bboff\u00bb button_border_radius__hover_enabled=\u00bboff\u00bb button_one_border_radius__hover_enabled=\u00bboff\u00bb button_two_border_radius__hover_enabled=\u00bboff\u00bb button_letter_spacing__hover_enabled=\u00bboff\u00bb button_one_letter_spacing__hover_enabled=\u00bboff\u00bb button_two_letter_spacing__hover_enabled=\u00bboff\u00bb button_bg_color__hover_enabled=\u00bboff\u00bb button_one_bg_color__hover_enabled=\u00bboff\u00bb button_two_bg_color__hover_enabled=\u00bboff\u00bb]<\/p>\n<p>&nbsp;<\/p>\n<p>&nbsp;<\/p>\n<p>&nbsp;<\/p>\n<p>&nbsp;<\/p>\n<p>&nbsp;<\/p>\n<p>&nbsp;<\/p>\n<p>[\/et_pb_slide][et_pb_slide _builder_version=\u00bb3.16&#8243; background_image=\u00bbhttp:\/\/telasplasticas.com\/wp-content\/uploads\/2018\/07\/espejado.jpg\u00bb button_text_size__hover_enabled=\u00bboff\u00bb button_one_text_size__hover_enabled=\u00bboff\u00bb button_two_text_size__hover_enabled=\u00bboff\u00bb button_text_color__hover_enabled=\u00bboff\u00bb button_one_text_color__hover_enabled=\u00bboff\u00bb button_two_text_color__hover_enabled=\u00bboff\u00bb button_border_width__hover_enabled=\u00bboff\u00bb button_one_border_width__hover_enabled=\u00bboff\u00bb button_two_border_width__hover_enabled=\u00bboff\u00bb button_border_color__hover_enabled=\u00bboff\u00bb button_one_border_color__hover_enabled=\u00bboff\u00bb button_two_border_color__hover_enabled=\u00bboff\u00bb button_border_radius__hover_enabled=\u00bboff\u00bb button_one_border_radius__hover_enabled=\u00bboff\u00bb button_two_border_radius__hover_enabled=\u00bboff\u00bb button_letter_spacing__hover_enabled=\u00bboff\u00bb button_one_letter_spacing__hover_enabled=\u00bboff\u00bb button_two_letter_spacing__hover_enabled=\u00bboff\u00bb button_bg_color__hover_enabled=\u00bboff\u00bb button_one_bg_color__hover_enabled=\u00bboff\u00bb button_two_bg_color__hover_enabled=\u00bboff\u00bb]<\/p>\n<p>&nbsp;<\/p>\n<p>&nbsp;<\/p>\n<p>&nbsp;<\/p>\n<p>&nbsp;<\/p>\n<p>&nbsp;<\/p>\n<p>&nbsp;<\/p>\n<p>[\/et_pb_slide][et_pb_slide _builder_version=\u00bb3.16&#8243; background_image=\u00bbhttp:\/\/telasplasticas.com\/wp-content\/uploads\/2018\/07\/vinil-fibra-carbono-D_NQ_NP_19196-MLM20167760616_092014-F.jpg\u00bb button_text_size__hover_enabled=\u00bboff\u00bb button_one_text_size__hover_enabled=\u00bboff\u00bb button_two_text_size__hover_enabled=\u00bboff\u00bb button_text_color__hover_enabled=\u00bboff\u00bb button_one_text_color__hover_enabled=\u00bboff\u00bb button_two_text_color__hover_enabled=\u00bboff\u00bb button_border_width__hover_enabled=\u00bboff\u00bb button_one_border_width__hover_enabled=\u00bboff\u00bb button_two_border_width__hover_enabled=\u00bboff\u00bb button_border_color__hover_enabled=\u00bboff\u00bb button_one_border_color__hover_enabled=\u00bboff\u00bb button_two_border_color__hover_enabled=\u00bboff\u00bb button_border_radius__hover_enabled=\u00bboff\u00bb button_one_border_radius__hover_enabled=\u00bboff\u00bb button_two_border_radius__hover_enabled=\u00bboff\u00bb button_letter_spacing__hover_enabled=\u00bboff\u00bb button_one_letter_spacing__hover_enabled=\u00bboff\u00bb button_two_letter_spacing__hover_enabled=\u00bboff\u00bb button_bg_color__hover_enabled=\u00bboff\u00bb button_one_bg_color__hover_enabled=\u00bboff\u00bb button_two_bg_color__hover_enabled=\u00bboff\u00bb]<\/p>\n<p>&nbsp;<\/p>\n<p>&nbsp;<\/p>\n<p>&nbsp;<\/p>\n<p>&nbsp;<\/p>\n<p>&nbsp;<\/p>\n<p>&nbsp;<\/p>\n<p>[\/et_pb_slide][et_pb_slide _builder_version=\u00bb3.16&#8243; background_image=\u00bbhttp:\/\/telasplasticas.com\/wp-content\/uploads\/2018\/07\/Vinilos-Holograficos.jpg\u00bb button_text_size__hover_enabled=\u00bboff\u00bb button_one_text_size__hover_enabled=\u00bboff\u00bb button_two_text_size__hover_enabled=\u00bboff\u00bb button_text_color__hover_enabled=\u00bboff\u00bb button_one_text_color__hover_enabled=\u00bboff\u00bb button_two_text_color__hover_enabled=\u00bboff\u00bb button_border_width__hover_enabled=\u00bboff\u00bb button_one_border_width__hover_enabled=\u00bboff\u00bb button_two_border_width__hover_enabled=\u00bboff\u00bb button_border_color__hover_enabled=\u00bboff\u00bb button_one_border_color__hover_enabled=\u00bboff\u00bb button_two_border_color__hover_enabled=\u00bboff\u00bb button_border_radius__hover_enabled=\u00bboff\u00bb button_one_border_radius__hover_enabled=\u00bboff\u00bb button_two_border_radius__hover_enabled=\u00bboff\u00bb button_letter_spacing__hover_enabled=\u00bboff\u00bb button_one_letter_spacing__hover_enabled=\u00bboff\u00bb button_two_letter_spacing__hover_enabled=\u00bboff\u00bb button_bg_color__hover_enabled=\u00bboff\u00bb button_one_bg_color__hover_enabled=\u00bboff\u00bb button_two_bg_color__hover_enabled=\u00bboff\u00bb]<\/p>\n<p>&nbsp;<\/p>\n<p>&nbsp;<\/p>\n<p>&nbsp;<\/p>\n<p>&nbsp;<\/p>\n<p>&nbsp;<\/p>\n<p>&nbsp;<\/p>\n<p>[\/et_pb_slide][\/et_pb_slider][\/et_pb_column][\/et_pb_row][\/et_pb_section][et_pb_section fb_built=\u00bb1&#8243; _builder_version=\u00bb3.11.1&#8243; custom_padding=\u00bb0|0px|27px|0px|false|false\u00bb][et_pb_row custom_padding=\u00bb0|0px|27px|0px|false|false\u00bb _builder_version=\u00bb3.11.1&#8243;][et_pb_column type=\u00bb1_3&#8243; _builder_version=\u00bb3.11.1&#8243;][et_pb_image src=\u00bbhttp:\/\/telasplasticas.com\/wp-content\/uploads\/2018\/08\/ORACAL_LOGO_2_1200x1200.jpg\u00bb _builder_version=\u00bb3.11.1&#8243;][\/et_pb_image][\/et_pb_column][et_pb_column type=\u00bb1_3&#8243; _builder_version=\u00bb3.11.1&#8243;][et_pb_image src=\u00bbhttp:\/\/telasplasticas.com\/wp-content\/uploads\/2018\/08\/RITRAMA-640&#215;360.jpg\u00bb _builder_version=\u00bb3.11.1&#8243; max_width=\u00bb70%\u00bb module_alignment=\u00bbcenter\u00bb custom_margin=\u00bb50px|||\u00bb custom_margin_last_edited=\u00bbon|desktop\u00bb][\/et_pb_image][\/et_pb_column][et_pb_column type=\u00bb1_3&#8243; _builder_version=\u00bb3.11.1&#8243;][et_pb_image src=\u00bbhttp:\/\/telasplasticas.com\/wp-content\/uploads\/2018\/08\/logo_Sam-ink.png\u00bb _builder_version=\u00bb3.11.1&#8243; custom_margin=\u00bb55px|||\u00bb custom_margin_last_edited=\u00bbon|desktop\u00bb][\/et_pb_image][\/et_pb_column][\/et_pb_row][\/et_pb_section]<\/p>\n","protected":false},"excerpt":{"rendered":"<p>Comunicaci\u00f3n VisualInsumos Tela para Bandera Tela para Pasacalles Lonas Geotextil no tejido Tela Mesh Papel Fotogr\u00e1fico Transfers de Papel y cristal Adhesivo PVC Adhesivo de Contacto Adhesivo Polyfan Cinta Bi Faz Cinta 3M Bandas Reflectivas 3M Imanes con o sin PVC Lona de impresi\u00f3n Front Light Lona de impresi\u00f3n Back Light Lona de impresi\u00f3n Block [&hellip;]<\/p>\n","protected":false},"author":1,"featured_media":0,"parent":0,"menu_order":0,"comment_status":"closed","ping_status":"closed","template":"","meta":{"_et_pb_use_builder":"on","_et_pb_old_content":"","_et_gb_content_width":"","footnotes":""},"class_list":["post-339","page","type-page","status-publish","hentry"],"yoast_head":"<!-- This site is optimized with the Yoast SEO plugin v23.6 - https:\/\/yoast.com\/wordpress\/plugins\/seo\/ -->\n<title>Comunicaci\u00f3n Visual - Telas Plasticas<\/title>\n<meta name=\"robots\" content=\"index, follow, max-snippet:-1, max-image-preview:large, max-video-preview:-1\" \/>\n<link rel=\"canonical\" href=\"http:\/\/telasplasticas.com\/index.php\/comunicacion-visual\/\" \/>\n<meta property=\"og:locale\" content=\"es_ES\" \/>\n<meta property=\"og:type\" content=\"article\" \/>\n<meta property=\"og:title\" content=\"Comunicaci\u00f3n Visual - Telas Plasticas\" \/>\n<meta property=\"og:description\" content=\"Comunicaci\u00f3n VisualInsumos Tela para Bandera Tela para Pasacalles Lonas Geotextil no tejido Tela Mesh Papel Fotogr\u00e1fico Transfers de Papel y cristal Adhesivo PVC Adhesivo de Contacto Adhesivo Polyfan Cinta Bi Faz Cinta 3M Bandas Reflectivas 3M Imanes con o sin PVC Lona de impresi\u00f3n Front Light Lona de impresi\u00f3n Back Light Lona de impresi\u00f3n Block [&hellip;]\" \/>\n<meta property=\"og:url\" content=\"http:\/\/telasplasticas.com\/index.php\/comunicacion-visual\/\" \/>\n<meta property=\"og:site_name\" content=\"Telas Plasticas\" \/>\n<meta property=\"article:modified_time\" content=\"2019-04-03T18:46:12+00:00\" \/>\n<meta name=\"twitter:card\" content=\"summary_large_image\" \/>\n<meta name=\"twitter:label1\" content=\"Tiempo de lectura\" \/>\n\t<meta name=\"twitter:data1\" content=\"8 minutos\" \/>\n<script type=\"application\/ld+json\" class=\"yoast-schema-graph\">{\"@context\":\"https:\/\/schema.org\",\"@graph\":[{\"@type\":\"WebPage\",\"@id\":\"http:\/\/telasplasticas.com\/index.php\/comunicacion-visual\/\",\"url\":\"http:\/\/telasplasticas.com\/index.php\/comunicacion-visual\/\",\"name\":\"Comunicaci\u00f3n Visual - Telas Plasticas\",\"isPartOf\":{\"@id\":\"https:\/\/telasplasticas.com\/#website\"},\"datePublished\":\"2018-07-23T19:31:19+00:00\",\"dateModified\":\"2019-04-03T18:46:12+00:00\",\"breadcrumb\":{\"@id\":\"http:\/\/telasplasticas.com\/index.php\/comunicacion-visual\/#breadcrumb\"},\"inLanguage\":\"es\",\"potentialAction\":[{\"@type\":\"ReadAction\",\"target\":[\"http:\/\/telasplasticas.com\/index.php\/comunicacion-visual\/\"]}]},{\"@type\":\"BreadcrumbList\",\"@id\":\"http:\/\/telasplasticas.com\/index.php\/comunicacion-visual\/#breadcrumb\",\"itemListElement\":[{\"@type\":\"ListItem\",\"position\":1,\"name\":\"Portada\",\"item\":\"https:\/\/telasplasticas.com\/\"},{\"@type\":\"ListItem\",\"position\":2,\"name\":\"Comunicaci\u00f3n Visual\"}]},{\"@type\":\"WebSite\",\"@id\":\"https:\/\/telasplasticas.com\/#website\",\"url\":\"https:\/\/telasplasticas.com\/\",\"name\":\"Telas Plasticas\",\"description\":\"Calidad y Dise\u00f1o en Telas Plasticas\",\"potentialAction\":[{\"@type\":\"SearchAction\",\"target\":{\"@type\":\"EntryPoint\",\"urlTemplate\":\"https:\/\/telasplasticas.com\/?s={search_term_string}\"},\"query-input\":{\"@type\":\"PropertyValueSpecification\",\"valueRequired\":true,\"valueName\":\"search_term_string\"}}],\"inLanguage\":\"es\"}]}<\/script>\n<!-- \/ Yoast SEO plugin. -->","yoast_head_json":{"title":"Comunicaci\u00f3n Visual - Telas Plasticas","robots":{"index":"index","follow":"follow","max-snippet":"max-snippet:-1","max-image-preview":"max-image-preview:large","max-video-preview":"max-video-preview:-1"},"canonical":"http:\/\/telasplasticas.com\/index.php\/comunicacion-visual\/","og_locale":"es_ES","og_type":"article","og_title":"Comunicaci\u00f3n Visual - Telas Plasticas","og_description":"Comunicaci\u00f3n VisualInsumos Tela para Bandera Tela para Pasacalles Lonas Geotextil no tejido Tela Mesh Papel Fotogr\u00e1fico Transfers de Papel y cristal Adhesivo PVC Adhesivo de Contacto Adhesivo Polyfan Cinta Bi Faz Cinta 3M Bandas Reflectivas 3M Imanes con o sin PVC Lona de impresi\u00f3n Front Light Lona de impresi\u00f3n Back Light Lona de impresi\u00f3n Block [&hellip;]","og_url":"http:\/\/telasplasticas.com\/index.php\/comunicacion-visual\/","og_site_name":"Telas Plasticas","article_modified_time":"2019-04-03T18:46:12+00:00","twitter_card":"summary_large_image","twitter_misc":{"Tiempo de lectura":"8 minutos"},"schema":{"@context":"https:\/\/schema.org","@graph":[{"@type":"WebPage","@id":"http:\/\/telasplasticas.com\/index.php\/comunicacion-visual\/","url":"http:\/\/telasplasticas.com\/index.php\/comunicacion-visual\/","name":"Comunicaci\u00f3n Visual - Telas Plasticas","isPartOf":{"@id":"https:\/\/telasplasticas.com\/#website"},"datePublished":"2018-07-23T19:31:19+00:00","dateModified":"2019-04-03T18:46:12+00:00","breadcrumb":{"@id":"http:\/\/telasplasticas.com\/index.php\/comunicacion-visual\/#breadcrumb"},"inLanguage":"es","potentialAction":[{"@type":"ReadAction","target":["http:\/\/telasplasticas.com\/index.php\/comunicacion-visual\/"]}]},{"@type":"BreadcrumbList","@id":"http:\/\/telasplasticas.com\/index.php\/comunicacion-visual\/#breadcrumb","itemListElement":[{"@type":"ListItem","position":1,"name":"Portada","item":"https:\/\/telasplasticas.com\/"},{"@type":"ListItem","position":2,"name":"Comunicaci\u00f3n Visual"}]},{"@type":"WebSite","@id":"https:\/\/telasplasticas.com\/#website","url":"https:\/\/telasplasticas.com\/","name":"Telas Plasticas","description":"Calidad y Dise\u00f1o en Telas Plasticas","potentialAction":[{"@type":"SearchAction","target":{"@type":"EntryPoint","urlTemplate":"https:\/\/telasplasticas.com\/?s={search_term_string}"},"query-input":{"@type":"PropertyValueSpecification","valueRequired":true,"valueName":"search_term_string"}}],"inLanguage":"es"}]}},"_links":{"self":[{"href":"http:\/\/telasplasticas.com\/index.php\/wp-json\/wp\/v2\/pages\/339"}],"collection":[{"href":"http:\/\/telasplasticas.com\/index.php\/wp-json\/wp\/v2\/pages"}],"about":[{"href":"http:\/\/telasplasticas.com\/index.php\/wp-json\/wp\/v2\/types\/page"}],"author":[{"embeddable":true,"href":"http:\/\/telasplasticas.com\/index.php\/wp-json\/wp\/v2\/users\/1"}],"replies":[{"embeddable":true,"href":"http:\/\/telasplasticas.com\/index.php\/wp-json\/wp\/v2\/comments?post=339"}],"version-history":[{"count":10,"href":"http:\/\/telasplasticas.com\/index.php\/wp-json\/wp\/v2\/pages\/339\/revisions"}],"predecessor-version":[{"id":485,"href":"http:\/\/telasplasticas.com\/index.php\/wp-json\/wp\/v2\/pages\/339\/revisions\/485"}],"wp:attachment":[{"href":"http:\/\/telasplasticas.com\/index.php\/wp-json\/wp\/v2\/media?parent=339"}],"curies":[{"name":"wp","href":"https:\/\/api.w.org\/{rel}","templated":true}]}}