{"id":102,"date":"2018-07-13T12:47:17","date_gmt":"2018-07-13T15:47:17","guid":{"rendered":"http:\/\/telasplasticas.com\/?page_id=102"},"modified":"2018-07-19T11:58:49","modified_gmt":"2018-07-19T14:58:49","slug":"vivero","status":"publish","type":"page","link":"http:\/\/telasplasticas.com\/index.php\/vivero\/","title":{"rendered":"Vivero"},"content":{"rendered":"<p>[et_pb_section fb_built=\u00bb1&#8243; _builder_version=\u00bb3.9&#8243; custom_padding=\u00bb70px|0px|70px|0px|false|false\u00bb top_divider_color=\u00bb#0c71c3&#8243; bottom_divider_style=\u00bbwaves2&#8243; bottom_divider_color=\u00bbrgba(0,0,0,0.04)\u00bb][et_pb_row custom_padding=\u00bb0|0px|27px|0px|false|false\u00bb _builder_version=\u00bb3.9&#8243;][et_pb_column type=\u00bb4_4&#8243; _builder_version=\u00bb3.9&#8243; parallax=\u00bboff\u00bb parallax_method=\u00bbon\u00bb][et_pb_text _builder_version=\u00bb3.10.1&#8243; header_font=\u00bb||||||||\u00bb header_3_font=\u00bbVerdana|700|||||||\u00bb header_3_font_size=\u00bb55px\u00bb header_3_letter_spacing=\u00bb4px\u00bb border_radii=\u00bbon|5px|5px|5px|5px\u00bb border_width_top=\u00bb7px\u00bb border_color_top=\u00bb#8300e9&#8243; box_shadow_style=\u00bbpreset1&#8243; custom_padding=\u00bb20px|0px|20px|0px\u00bb header_2_font_size=\u00bb55px\u00bb header_2_font=\u00bbVerdana|700|||||||\u00bb header_2_font_size_last_edited=\u00bbon|phone\u00bb header_2_font_size_phone=\u00bb20px\u00bb]<\/p>\n<h2 style=\"text-align: center;\">Viveros<\/h2>\n<p>[\/et_pb_text][\/et_pb_column][\/et_pb_row][\/et_pb_section][et_pb_section fb_built=\u00bb1&#8243; _builder_version=\u00bb3.9&#8243; background_color=\u00bbrgba(0,0,0,0.04)\u00bb border_radii=\u00bbon|7px|7px|7px|7px\u00bb border_width_top=\u00bb6px\u00bb border_color_top=\u00bb#0c71c3&#8243; custom_padding=\u00bb30px|0px|0|0px|false|false\u00bb][et_pb_row _builder_version=\u00bb3.9&#8243;][et_pb_column type=\u00bb1_3&#8243; _builder_version=\u00bb3.9&#8243; parallax=\u00bboff\u00bb parallax_method=\u00bbon\u00bb][et_pb_blurb title=\u00bbPolietileno LDT\u00bb image=\u00bbhttp:\/\/telasplasticas.com\/wp-content\/uploads\/2018\/07\/invernadero-polietileno-ldt-plastermic-72-x-50-m-150-mi-D_NQ_NP_933992-MLA27583034768_062018-F-1.jpg\u00bb _builder_version=\u00bb3.9&#8243; header_font=\u00bb||||||||\u00bb header_text_align=\u00bbleft\u00bb]<\/p>\n<p><strong>Polietileno LDT<span>\u00a0<\/span>(Larga Duraci\u00f3n T\u00e9rmica), es un material que filtra los rayos del sol y mantiene el calor absorbido durante el d\u00eda<\/strong><span>. As\u00ed, protege a los cultivos de los rayos solares y de las bajas temperaturas nocturnas.<\/span><\/p>\n<p>[\/et_pb_blurb][\/et_pb_column][et_pb_column type=\u00bb1_3&#8243; _builder_version=\u00bb3.9&#8243; parallax=\u00bboff\u00bb parallax_method=\u00bbon\u00bb][et_pb_blurb title=\u00bbMedia Sombra\u00bb image=\u00bbhttp:\/\/telasplasticas.com\/wp-content\/uploads\/2018\/07\/vga_q.jpg\u00bb _builder_version=\u00bb3.9&#8243; header_font=\u00bb||||||||\u00bb header_text_align=\u00bbleft\u00bb]<\/p>\n<p><span>La\u00a0<\/span><b>media sombra<\/b><span>\u00a0es una red hecha de fibras de pl\u00e1stico, que se usa en lugares soleados y reduce enormemente la cantidad de luz y calor que llegan del sol.<\/span><\/p>\n<p>[\/et_pb_blurb][\/et_pb_column][et_pb_column type=\u00bb1_3&#8243; _builder_version=\u00bb3.9&#8243; parallax=\u00bboff\u00bb parallax_method=\u00bbon\u00bb][et_pb_blurb title=\u00bbTela Antihelada\u00bb image=\u00bbhttp:\/\/telasplasticas.com\/wp-content\/uploads\/2018\/07\/antihelada.jpg\u00bb _builder_version=\u00bb3.9&#8243; header_font=\u00bb||||||||\u00bb header_text_align=\u00bbleft\u00bb]<\/p>\n<p><strong>Es un velo que protege los cultivos de las condiciones climatol\u00f3gicas adversas<\/strong><span>, como el fr\u00edo, la escarcha, el hielo y la nieve. Es un material poroso, lo que significa que deja pasar el aire y el agua, y adem\u00e1s\u00a0<\/span><strong>crea un microclima algo m\u00e1s c\u00e1lido<\/strong><span>\u00a0ya que retiene el calor del suelo.<\/span><\/p>\n<p>[\/et_pb_blurb][\/et_pb_column][\/et_pb_row][et_pb_row custom_padding=\u00bb27px|0px|8px|0px|false|false\u00bb _builder_version=\u00bb3.9&#8243;][et_pb_column type=\u00bb4_4&#8243; _builder_version=\u00bb3.9&#8243; parallax=\u00bboff\u00bb parallax_method=\u00bbon\u00bb][et_pb_divider color=\u00bb#0c71c3&#8243; divider_weight=\u00bb4px\u00bb _builder_version=\u00bb3.9&#8243;][\/et_pb_divider][\/et_pb_column][\/et_pb_row][et_pb_row custom_padding=\u00bb30px|0px|27px|0px|false|false\u00bb _builder_version=\u00bb3.9&#8243;][et_pb_column type=\u00bb1_3&#8243; _builder_version=\u00bb3.9&#8243; parallax=\u00bboff\u00bb parallax_method=\u00bbon\u00bb][et_pb_blurb title=\u00bbAntigranizo Plano y Raschel\u00bb image=\u00bbhttp:\/\/telasplasticas.com\/wp-content\/uploads\/2018\/07\/anti-granizo.jpg\u00bb _builder_version=\u00bb3.9&#8243; header_font=\u00bb||||||||\u00bb header_text_align=\u00bbleft\u00bb]<\/p>\n<p><span>Monofilamento de polietileno de alta densidad tejido bajo el procedimiento giro ingl\u00e9s (tejido plano), con tratamiento UV, que protege los cultivos del granizo. Tiene una elevada resistencia mec\u00e1nica y presenta refuerzos en los bordes, de manera que los esfuerzos causados por la lluvia e impactos se distribuyen uniformemente.<\/span><\/p>\n<p>[\/et_pb_blurb][\/et_pb_column][et_pb_column type=\u00bb1_3&#8243; _builder_version=\u00bb3.9&#8243; parallax=\u00bboff\u00bb parallax_method=\u00bbon\u00bb][et_pb_blurb title=\u00bbPolietileno Mulching 30 Micrones\u00bb image=\u00bbhttp:\/\/telasplasticas.com\/wp-content\/uploads\/2018\/07\/Mulching-preto.jpg\u00bb _builder_version=\u00bb3.9&#8243; header_font=\u00bb||||||||\u00bb header_text_align=\u00bbleft\u00bb]<\/p>\n<p><span>El mulching es una pel\u00edcula de polietileno de baja densidad y poco espesor, 100% con aditivo.\u00a0M<\/span><span>antiene la humedad del suelo, disminuyendo la p\u00e9rdida de evaporaci\u00f3n y conservando el abono por un per\u00edodo m\u00e1s extenso, aumentando la calidad del producto final.<\/span><\/p>\n<p>[\/et_pb_blurb][\/et_pb_column][et_pb_column type=\u00bb1_3&#8243; _builder_version=\u00bb3.9&#8243; parallax=\u00bboff\u00bb parallax_method=\u00bbon\u00bb][\/et_pb_column][\/et_pb_row][\/et_pb_section]<\/p>\n","protected":false},"excerpt":{"rendered":"<p>Viveros Polietileno LDT\u00a0(Larga Duraci\u00f3n T\u00e9rmica), es un material que filtra los rayos del sol y mantiene el calor absorbido durante el d\u00eda. As\u00ed, protege a los cultivos de los rayos solares y de las bajas temperaturas nocturnas.La\u00a0media sombra\u00a0es una red hecha de fibras de pl\u00e1stico, que se usa en lugares soleados y reduce enormemente la [&hellip;]<\/p>\n","protected":false},"author":1,"featured_media":0,"parent":0,"menu_order":0,"comment_status":"closed","ping_status":"closed","template":"","meta":{"_et_pb_use_builder":"on","_et_pb_old_content":"","_et_gb_content_width":"","footnotes":""},"class_list":["post-102","page","type-page","status-publish","hentry"],"yoast_head":"<!-- This site is optimized with the Yoast SEO plugin v23.6 - https:\/\/yoast.com\/wordpress\/plugins\/seo\/ -->\n<title>Vivero - Telas Plasticas<\/title>\n<meta name=\"robots\" content=\"index, follow, max-snippet:-1, max-image-preview:large, max-video-preview:-1\" \/>\n<link rel=\"canonical\" href=\"http:\/\/telasplasticas.com\/index.php\/vivero\/\" \/>\n<meta property=\"og:locale\" content=\"es_ES\" \/>\n<meta property=\"og:type\" content=\"article\" \/>\n<meta property=\"og:title\" content=\"Vivero - Telas Plasticas\" \/>\n<meta property=\"og:description\" content=\"Viveros Polietileno LDT\u00a0(Larga Duraci\u00f3n T\u00e9rmica), es un material que filtra los rayos del sol y mantiene el calor absorbido durante el d\u00eda. As\u00ed, protege a los cultivos de los rayos solares y de las bajas temperaturas nocturnas.La\u00a0media sombra\u00a0es una red hecha de fibras de pl\u00e1stico, que se usa en lugares soleados y reduce enormemente la [&hellip;]\" \/>\n<meta property=\"og:url\" content=\"http:\/\/telasplasticas.com\/index.php\/vivero\/\" \/>\n<meta property=\"og:site_name\" content=\"Telas Plasticas\" \/>\n<meta property=\"article:modified_time\" content=\"2018-07-19T14:58:49+00:00\" \/>\n<meta name=\"twitter:card\" content=\"summary_large_image\" \/>\n<meta name=\"twitter:label1\" content=\"Tiempo de lectura\" \/>\n\t<meta name=\"twitter:data1\" content=\"3 minutos\" \/>\n<script type=\"application\/ld+json\" class=\"yoast-schema-graph\">{\"@context\":\"https:\/\/schema.org\",\"@graph\":[{\"@type\":\"WebPage\",\"@id\":\"http:\/\/telasplasticas.com\/index.php\/vivero\/\",\"url\":\"http:\/\/telasplasticas.com\/index.php\/vivero\/\",\"name\":\"Vivero - Telas Plasticas\",\"isPartOf\":{\"@id\":\"https:\/\/telasplasticas.com\/#website\"},\"datePublished\":\"2018-07-13T15:47:17+00:00\",\"dateModified\":\"2018-07-19T14:58:49+00:00\",\"breadcrumb\":{\"@id\":\"http:\/\/telasplasticas.com\/index.php\/vivero\/#breadcrumb\"},\"inLanguage\":\"es\",\"potentialAction\":[{\"@type\":\"ReadAction\",\"target\":[\"http:\/\/telasplasticas.com\/index.php\/vivero\/\"]}]},{\"@type\":\"BreadcrumbList\",\"@id\":\"http:\/\/telasplasticas.com\/index.php\/vivero\/#breadcrumb\",\"itemListElement\":[{\"@type\":\"ListItem\",\"position\":1,\"name\":\"Portada\",\"item\":\"https:\/\/telasplasticas.com\/\"},{\"@type\":\"ListItem\",\"position\":2,\"name\":\"Vivero\"}]},{\"@type\":\"WebSite\",\"@id\":\"https:\/\/telasplasticas.com\/#website\",\"url\":\"https:\/\/telasplasticas.com\/\",\"name\":\"Telas Plasticas\",\"description\":\"Calidad y Dise\u00f1o en Telas Plasticas\",\"potentialAction\":[{\"@type\":\"SearchAction\",\"target\":{\"@type\":\"EntryPoint\",\"urlTemplate\":\"https:\/\/telasplasticas.com\/?s={search_term_string}\"},\"query-input\":{\"@type\":\"PropertyValueSpecification\",\"valueRequired\":true,\"valueName\":\"search_term_string\"}}],\"inLanguage\":\"es\"}]}<\/script>\n<!-- \/ Yoast SEO plugin. -->","yoast_head_json":{"title":"Vivero - Telas Plasticas","robots":{"index":"index","follow":"follow","max-snippet":"max-snippet:-1","max-image-preview":"max-image-preview:large","max-video-preview":"max-video-preview:-1"},"canonical":"http:\/\/telasplasticas.com\/index.php\/vivero\/","og_locale":"es_ES","og_type":"article","og_title":"Vivero - Telas Plasticas","og_description":"Viveros Polietileno LDT\u00a0(Larga Duraci\u00f3n T\u00e9rmica), es un material que filtra los rayos del sol y mantiene el calor absorbido durante el d\u00eda. As\u00ed, protege a los cultivos de los rayos solares y de las bajas temperaturas nocturnas.La\u00a0media sombra\u00a0es una red hecha de fibras de pl\u00e1stico, que se usa en lugares soleados y reduce enormemente la [&hellip;]","og_url":"http:\/\/telasplasticas.com\/index.php\/vivero\/","og_site_name":"Telas Plasticas","article_modified_time":"2018-07-19T14:58:49+00:00","twitter_card":"summary_large_image","twitter_misc":{"Tiempo de lectura":"3 minutos"},"schema":{"@context":"https:\/\/schema.org","@graph":[{"@type":"WebPage","@id":"http:\/\/telasplasticas.com\/index.php\/vivero\/","url":"http:\/\/telasplasticas.com\/index.php\/vivero\/","name":"Vivero - Telas Plasticas","isPartOf":{"@id":"https:\/\/telasplasticas.com\/#website"},"datePublished":"2018-07-13T15:47:17+00:00","dateModified":"2018-07-19T14:58:49+00:00","breadcrumb":{"@id":"http:\/\/telasplasticas.com\/index.php\/vivero\/#breadcrumb"},"inLanguage":"es","potentialAction":[{"@type":"ReadAction","target":["http:\/\/telasplasticas.com\/index.php\/vivero\/"]}]},{"@type":"BreadcrumbList","@id":"http:\/\/telasplasticas.com\/index.php\/vivero\/#breadcrumb","itemListElement":[{"@type":"ListItem","position":1,"name":"Portada","item":"https:\/\/telasplasticas.com\/"},{"@type":"ListItem","position":2,"name":"Vivero"}]},{"@type":"WebSite","@id":"https:\/\/telasplasticas.com\/#website","url":"https:\/\/telasplasticas.com\/","name":"Telas Plasticas","description":"Calidad y Dise\u00f1o en Telas Plasticas","potentialAction":[{"@type":"SearchAction","target":{"@type":"EntryPoint","urlTemplate":"https:\/\/telasplasticas.com\/?s={search_term_string}"},"query-input":{"@type":"PropertyValueSpecification","valueRequired":true,"valueName":"search_term_string"}}],"inLanguage":"es"}]}},"_links":{"self":[{"href":"http:\/\/telasplasticas.com\/index.php\/wp-json\/wp\/v2\/pages\/102"}],"collection":[{"href":"http:\/\/telasplasticas.com\/index.php\/wp-json\/wp\/v2\/pages"}],"about":[{"href":"http:\/\/telasplasticas.com\/index.php\/wp-json\/wp\/v2\/types\/page"}],"author":[{"embeddable":true,"href":"http:\/\/telasplasticas.com\/index.php\/wp-json\/wp\/v2\/users\/1"}],"replies":[{"embeddable":true,"href":"http:\/\/telasplasticas.com\/index.php\/wp-json\/wp\/v2\/comments?post=102"}],"version-history":[{"count":13,"href":"http:\/\/telasplasticas.com\/index.php\/wp-json\/wp\/v2\/pages\/102\/revisions"}],"predecessor-version":[{"id":314,"href":"http:\/\/telasplasticas.com\/index.php\/wp-json\/wp\/v2\/pages\/102\/revisions\/314"}],"wp:attachment":[{"href":"http:\/\/telasplasticas.com\/index.php\/wp-json\/wp\/v2\/media?parent=102"}],"curies":[{"name":"wp","href":"https:\/\/api.w.org\/{rel}","templated":true}]}}